{"id":23707,"date":"2021-01-31T16:53:03","date_gmt":"2021-01-31T16:53:03","guid":{"rendered":"https:\/\/autostadt24.wsh.one\/?page_id=23707"},"modified":"2025-09-24T08:37:46","modified_gmt":"2025-09-24T08:37:46","slug":"imprimir","status":"publish","type":"page","link":"https:\/\/autostadt24.com\/es\/imprimir\/","title":{"rendered":"Pie de imprenta"},"content":{"rendered":"<div data-elementor-type=\"wp-page\" data-elementor-id=\"23707\" class=\"elementor elementor-23707\" data-elementor-post-type=\"page\">\n\t\t\t\t<div class=\"elementor-element elementor-element-4127ba9 e-flex e-con-boxed e-con e-parent\" data-id=\"4127ba9\" data-element_type=\"container\" data-e-type=\"container\">\n\t\t\t\t\t<div class=\"e-con-inner\">\n\t\t\t\t<div class=\"elementor-element elementor-element-39ff202 elementor-widget elementor-widget-spacer\" data-id=\"39ff202\" data-element_type=\"widget\" data-e-type=\"widget\" data-widget_type=\"spacer.default\">\n\t\t\t\t<div class=\"elementor-widget-container\">\n\t\t\t\t\t\t\t<div class=\"elementor-spacer\">\n\t\t\t<div class=\"elementor-spacer-inner\"><\/div>\n\t\t<\/div>\n\t\t\t\t\t\t<\/div>\n\t\t\t\t<\/div>\n\t\t\t\t<div class=\"elementor-element elementor-element-8549013 elementor-widget__width-inherit elementor-widget elementor-widget-heading\" data-id=\"8549013\" data-element_type=\"widget\" data-e-type=\"widget\" data-settings=\"{&quot;_animation&quot;:&quot;none&quot;}\" data-widget_type=\"heading.default\">\n\t\t\t\t<div class=\"elementor-widget-container\">\n\t\t\t\t\t<h1 class=\"elementor-heading-title elementor-size-default\">Pie de imprenta<\/h1>\t\t\t\t<\/div>\n\t\t\t\t<\/div>\n\t\t\t\t<div class=\"elementor-element elementor-element-5d7ba66 elementor-widget elementor-widget-text-editor\" data-id=\"5d7ba66\" data-element_type=\"widget\" data-e-type=\"widget\" data-widget_type=\"text-editor.default\">\n\t\t\t\t<div class=\"elementor-widget-container\">\n\t\t\t\t\t\t\t\t\t<h2>Piga World S.A.<\/h2><h2><span style=\"font-size: 16px; font-weight: 400;\">Calle 17A N\u00ba. 60 e\/. 174 y 190<\/span><\/h2><div><span style=\"font-size: 16px; font-weight: 400;\">Playa, 11300 la Habana<\/span><\/div><div><span style=\"font-size: 16px; font-weight: 400;\">\u00a0Cuba<\/span><\/div><h2>Datos de contacto<\/h2><p><strong>Tel\u00e9fono:<\/strong> +49 173 4617914<br \/><strong>correo electr\u00f3nico:<\/strong> autostad24@piga-world.com<br \/><strong>P\u00e1gina web:<\/strong> www.autostadt24.com<\/p><h2>Gesti\u00f3n<\/h2><p>Representante(s) autorizado(s): Roland Cardenas Bacallao, Marcel Dopatka Keding<\/p><h2>Inscripci\u00f3n en el registro<\/h2><p><strong>N\u00ba de registro mercantil<\/strong>\u00a0????<br \/><strong>Registre el tribunal:<\/strong>\u00a0?????<br \/><strong>N\u00famero de identificaci\u00f3n fiscal:<\/strong>\u00a0?????<br \/><strong>N\u00ba de impuesto<\/strong>\u00a0????<\/p><h2>Protecci\u00f3n de datos<\/h2><p>Gracias por visitar nuestro sitio web. Todos los datos personales que nos facilite al ponerse en contacto con nosotros ser\u00e1n tratados con estricta confidencialidad. S\u00f3lo se utilizar\u00e1n para enviarle informaci\u00f3n sobre productos, prestarle asistencia personalizada o presentarle ofertas de servicios.<\/p><h2>Descargo de responsabilidad<\/h2><p>Hemos elaborado este sitio web para usted con el mayor cuidado posible. No obstante, no podemos garantizar que est\u00e9 absolutamente libre de errores. Excluimos toda responsabilidad por da\u00f1os derivados directa o indirectamente del uso de este sitio web. Salvo que los da\u00f1os sean imputables a una infracci\u00f3n dolosa o gravemente negligente.<\/p><p>Todas las declaraciones sobre normativas y efectos legales y fiscales son v\u00e1lidas \u00fanicamente para la Rep\u00fablica Federal de Alemania.<\/p><h2>Copyright<\/h2><p>Todos los derechos reservados. Los textos, im\u00e1genes, gr\u00e1ficos, sonidos, animaciones y v\u00eddeos est\u00e1n protegidos por derechos de autor y otras leyes de protecci\u00f3n. El contenido de este sitio web no puede distribuirse con fines comerciales ni ponerse a disposici\u00f3n de terceros. Salvo error o modificaci\u00f3n.<\/p><h2>Enlaces a otros sitios web<\/h2><p>Si en estas p\u00e1ginas hemos creado enlaces a otros sitios de Internet, no tenemos influencia alguna sobre todos los enlaces. Por ello, nos distanciamos expresamente de todos los contenidos de las p\u00e1ginas enlazadas. Esta declaraci\u00f3n se aplica a todos los enlaces de este sitio y a todos los contenidos de las p\u00e1ginas a las que puedan llevar los banners.<\/p><p><strong>Ponte de pie:<\/strong> Agosto de 2025<br \/>Si tiene alguna pregunta sobre el aviso legal, p\u00f3ngase en contacto con: marco.wrobel@caribbean-impex.com<\/p>\t\t\t\t\t\t\t\t<\/div>\n\t\t\t\t<\/div>\n\t\t\t\t<div class=\"elementor-element elementor-element-a96de33 elementor-widget elementor-widget-spacer\" data-id=\"a96de33\" data-element_type=\"widget\" data-e-type=\"widget\" data-widget_type=\"spacer.default\">\n\t\t\t\t<div class=\"elementor-widget-container\">\n\t\t\t\t\t\t\t<div class=\"elementor-spacer\">\n\t\t\t<div class=\"elementor-spacer-inner\"><\/div>\n\t\t<\/div>\n\t\t\t\t\t\t<\/div>\n\t\t\t\t<\/div>\n\t\t\t\t\t<\/div>\n\t\t\t\t<\/div>\n\t\t\t\t<\/div>","protected":false},"excerpt":{"rendered":"<p>Impressum Piga World S.A. Calle 17A N\u00ba. 60 e\/. 174 y 190 Playa, 11300 la Havanna\u00a0Kuba Kontaktdaten Telefon: +49 173 4617914E-Mail: autostad24@piga-world.comWebsite: www.autostadt24.com Gesch\u00e4ftsf\u00fchrung Vertretungsberechtigte(r): Roland Cardenas Bacallao, Marcel Dopatka Keding Registereintrag Handelsregisternr.:\u00a0????Registergericht:\u00a0?????Umsatzsteuer-ID:\u00a0?????Steuer-Nr.:\u00a0???? Datenschutz Vielen Dank f\u00fcr den Besuch auf unserer Website! Alle pers\u00f6nlichen Angaben, die Sie im Kontakt mit uns machen, werden streng vertraulich [&hellip;]<\/p>","protected":false},"author":157,"featured_media":0,"parent":0,"menu_order":0,"comment_status":"closed","ping_status":"closed","template":"","meta":{"_acf_changed":false,"footnotes":""},"class_list":["post-23707","page","type-page","status-publish","hentry"],"acf":[],"_links":{"self":[{"href":"https:\/\/autostadt24.com\/es\/wp-json\/wp\/v2\/pages\/23707","targetHints":{"allow":["GET"]}}],"collection":[{"href":"https:\/\/autostadt24.com\/es\/wp-json\/wp\/v2\/pages"}],"about":[{"href":"https:\/\/autostadt24.com\/es\/wp-json\/wp\/v2\/types\/page"}],"author":[{"embeddable":true,"href":"https:\/\/autostadt24.com\/es\/wp-json\/wp\/v2\/users\/157"}],"replies":[{"embeddable":true,"href":"https:\/\/autostadt24.com\/es\/wp-json\/wp\/v2\/comments?post=23707"}],"version-history":[{"count":11,"href":"https:\/\/autostadt24.com\/es\/wp-json\/wp\/v2\/pages\/23707\/revisions"}],"predecessor-version":[{"id":674653,"href":"https:\/\/autostadt24.com\/es\/wp-json\/wp\/v2\/pages\/23707\/revisions\/674653"}],"wp:attachment":[{"href":"https:\/\/autostadt24.com\/es\/wp-json\/wp\/v2\/media?parent=23707"}],"curies":[{"name":"wp","href":"https:\/\/api.w.org\/{rel}","templated":true}]}}