{"id":674215,"date":"2025-08-19T13:56:10","date_gmt":"2025-08-19T13:56:10","guid":{"rendered":"https:\/\/autostadt24.wsh.one\/?page_id=674215"},"modified":"2025-09-10T12:29:26","modified_gmt":"2025-09-10T12:29:26","slug":"agb","status":"publish","type":"page","link":"https:\/\/autostadt24.com\/es\/agb\/","title":{"rendered":"GTC"},"content":{"rendered":"<div data-elementor-type=\"wp-page\" data-elementor-id=\"674215\" class=\"elementor elementor-674215\" data-elementor-post-type=\"page\">\n\t\t\t\t<div class=\"elementor-element elementor-element-70276bb e-flex e-con-boxed e-con e-parent\" data-id=\"70276bb\" data-element_type=\"container\" data-e-type=\"container\">\n\t\t\t\t\t<div class=\"e-con-inner\">\n\t\t\t\t<div class=\"elementor-element elementor-element-f59628e elementor-widget__width-inherit elementor-widget elementor-widget-heading\" data-id=\"f59628e\" data-element_type=\"widget\" data-e-type=\"widget\" data-settings=\"{&quot;_animation&quot;:&quot;none&quot;}\" data-widget_type=\"heading.default\">\n\t\t\t\t<div class=\"elementor-widget-container\">\n\t\t\t\t\t<h1 class=\"elementor-heading-title elementor-size-default\">GTC<\/h1>\t\t\t\t<\/div>\n\t\t\t\t<\/div>\n\t\t\t\t<div class=\"elementor-element elementor-element-715cb3a elementor-widget elementor-widget-text-editor\" data-id=\"715cb3a\" data-element_type=\"widget\" data-e-type=\"widget\" data-widget_type=\"text-editor.default\">\n\t\t\t\t<div class=\"elementor-widget-container\">\n\t\t\t\t\t\t\t\t\t<h2>1. \u00e1mbito de aplicaci\u00f3n y partes contratantes<\/h2><div class=\"agb-container\"><p><strong>(1) \u00c1mbito de aplicaci\u00f3n<\/strong><\/p><p>Las presentes Condiciones Generales de Contrataci\u00f3n (en adelante \u201eCGC\u201c) se aplican a todos los contratos entre autostadt24 GmbH, Hauptstra\u00dfe 24, 10115 Berl\u00edn (en adelante \u201eautostadt24\u201c o \u201enosotros\u201c) y sus clientes relativos al uso del sitio web www.autostadt24.de as\u00ed como a la compra de veh\u00edculos a motor y servicios relacionados.<\/p><p><strong>(2) Socio contractual<\/strong><\/p><p>Los socios contractuales de autostadt24 son exclusivamente consumidores en el sentido del art\u00edculo 13 del C\u00f3digo Civil alem\u00e1n (BGB) y empresarios en el sentido del art\u00edculo 14 del BGB.<\/p><p><strong>(3) Condiciones divergentes<\/strong><\/p><p>Las condiciones generales del cliente divergentes, contradictorias o complementarias no formar\u00e1n parte del contrato a menos que su validez se acuerde expresamente por escrito.<\/p><h2>2. celebraci\u00f3n del contrato<\/h2><h4><strong>(1) Oferta en l\u00ednea<\/strong><\/h4><p>La presentaci\u00f3n de veh\u00edculos en nuestro sitio web no constituye una oferta vinculante, sino una invitaci\u00f3n no vinculante a presentar una oferta (invitatio ad offerendum).<\/p><h4><strong>(2) Orden y aceptaci\u00f3n<\/strong><\/h4><ul><li>El cliente presenta una oferta vinculante de compra de un veh\u00edculo cumplimentando y enviando el formulario en l\u00ednea o poni\u00e9ndose en contacto con nosotros por tel\u00e9fono o por escrito.<\/li><li>autostadt24 confirma la recepci\u00f3n del pedido inmediatamente por correo electr\u00f3nico<\/li><li>El contrato s\u00f3lo se perfeccionar\u00e1 con nuestra aceptaci\u00f3n expresa en forma de texto o con la entrega del veh\u00edculo.<\/li><\/ul><p><strong>(3) Lenguaje contractual<\/strong><\/p><p>La lengua disponible para la celebraci\u00f3n del contrato es el alem\u00e1n.<\/p><h2>3. precios y condiciones de pago<\/h2><p><strong>(1) Precios<\/strong><\/p><ul><li>Todos los precios indicados son precios finales, incluido el IVA legal aplicable.<\/li><li>En el caso de los veh\u00edculos usados, la entrega se realiza sin IVA, de conformidad con el art\u00edculo 25a de la UStG (Ley del Impuesto sobre el Valor A\u00f1adido).<\/li><li>Los costes adicionales (transferencia, matriculaci\u00f3n, ITV, etc.) se indican por separado.<\/li><\/ul><p><strong>(2) Formas de pago<\/strong><\/p><p>Aceptamos los siguientes m\u00e9todos de pago:<\/p><ul><li>Pago al contado en el momento del cobro<\/li><li>Transferencia bancaria<\/li><li>Financiaci\u00f3n a trav\u00e9s de nuestros bancos asociados<\/li><li>Leasing a trav\u00e9s de nuestros socios de leasing<\/li><\/ul><p><strong>(3) Fecha de vencimiento<\/strong><\/p><ul><li>En caso de pago al contado: pago a la entrega del veh\u00edculo<\/li><li>Para transferencia bancaria: recepci\u00f3n \u00edntegra del pago antes de la entrega<\/li><li>En caso de financiaci\u00f3n: de conformidad con el acuerdo de financiaci\u00f3n<\/li><\/ul><h2>4. entrega y traspaso<\/h2><p><strong>(1) Plazo de entrega<\/strong><\/p><p>El plazo de entrega de los veh\u00edculos en stock suele ser de 1 a 3 d\u00edas laborables tras la celebraci\u00f3n del contrato y la recepci\u00f3n del pago \u00edntegro.<\/p><p><strong>(2) Traspaso<\/strong><\/p><ul><li>La entrega tiene lugar en nuestras oficinas de Berl\u00edn<\/li><li>Posibilidad de traslado por un suplemento<\/li><li>Se realiza una inspecci\u00f3n conjunta del veh\u00edculo en el momento de la entrega.<\/li><\/ul><p><strong>(3) Transferencia del riesgo<\/strong><\/p><p>El riesgo se transfiere al cliente en el momento de la entrega del veh\u00edculo.<\/p><h2>5. derecho de cancelaci\u00f3n para los consumidores<\/h2><p><strong>(1) Pol\u00edtica de anulaci\u00f3n<\/strong><\/p><p><strong>Derecho de anulaci\u00f3n<\/strong><\/p><p>Tiene derecho a rescindir este contrato en un plazo de catorce d\u00edas sin necesidad de justificaci\u00f3n.<\/p><p>El plazo de cancelaci\u00f3n es de catorce d\u00edas a partir del d\u00eda en que usted o un tercero nombrado por usted, que no sea el transportista, haya tomado posesi\u00f3n del veh\u00edculo.<\/p><p>Para ejercer el derecho de desistimiento, deber\u00e1 informarnos (autostadt24 GmbH, Hauptstra\u00dfe 24, 10115 Berlin, E-Mail: widerruf@autostadt24.de) de su decisi\u00f3n de desistir del presente contrato mediante una declaraci\u00f3n clara (por ejemplo, una carta enviada por correo postal o electr\u00f3nico).<\/p><p><strong>Consecuencias de la anulaci\u00f3n<\/strong><\/p><p>Si cancela este contrato, debemos reembolsarle todos los pagos que hayamos recibido de usted inmediatamente y, a m\u00e1s tardar, en un plazo de catorce d\u00edas a partir del d\u00eda en que recibamos la notificaci\u00f3n de su cancelaci\u00f3n de este contrato.<\/p><p>Deber\u00e1 devolvernos o entregarnos el veh\u00edculo inmediatamente y, en cualquier caso, en un plazo m\u00e1ximo de catorce d\u00edas a partir del d\u00eda en que nos comunic\u00f3 la cancelaci\u00f3n.<\/p><p><strong>(2) Exclusi\u00f3n del derecho de cancelaci\u00f3n<\/strong><\/p><p>El derecho de cancelaci\u00f3n no se aplica a los veh\u00edculos personalizados o con modificaciones especiales seg\u00fan los requisitos del cliente.<\/p><h2>6. garant\u00eda<\/h2><h4><strong>(1) Garant\u00eda legal<\/strong><\/h4><p>Se aplican las disposiciones legales de garant\u00eda. El periodo de garant\u00eda es de 24 meses para los veh\u00edculos nuevos y de 12 meses a partir de la entrega para los veh\u00edculos usados.<\/p><h4><strong>(2) Naturaleza<\/strong><\/h4><ul><li>El estado de los coches nuevos corresponde a las especificaciones del fabricante<\/li><li>En el caso de los veh\u00edculos usados, se debe el estado reconocible en el momento de la celebraci\u00f3n del contrato<\/li><li>Los signos de uso acordes con la edad y el kilometraje no son un defecto<\/li><\/ul><h4><strong>(3) Cumplimiento posterior<\/strong><\/h4><p>En caso de defecto, usted tiene derecho inicialmente al cumplimiento posterior mediante reparaci\u00f3n o entrega de sustituci\u00f3n a nuestra discreci\u00f3n.<\/p><h2>7. prueba de conducci\u00f3n e inspecci\u00f3n<\/h2><h4><strong>(1) Prueba de conducci\u00f3n<\/strong><\/h4><ul><li>Es posible realizar pruebas de conducci\u00f3n con cita previa<\/li><li>El cliente debe presentar un permiso de conducir y un documento de identidad v\u00e1lidos<\/li><li>La prueba de conducci\u00f3n corre por cuenta y riesgo del cliente.<\/li><\/ul><h4><strong>(2) Seguros<\/strong><\/h4><p>Durante la prueba de conducci\u00f3n, la cobertura del seguro corre a cargo de nuestro seguro de responsabilidad civil. Deducible seg\u00fan tarifa.<\/p><\/div><div class=\"agb-container\"><h2>8. financiaci\u00f3n y arrendamiento financiero<\/h2><p><strong>(1) Mediaci\u00f3n<\/strong><\/p><p>Intermediamos en contratos de financiaci\u00f3n y leasing con nuestras empresas asociadas. Se aplican las condiciones del proveedor de servicios financieros correspondiente.<\/p><p><strong>(2) Evaluaci\u00f3n del cr\u00e9dito<\/strong><\/p><p>Nos reservamos el derecho a realizar una comprobaci\u00f3n de cr\u00e9dito para las solicitudes de financiaci\u00f3n o leasing.<\/p><h2>9. reserva de dominio<\/h2><p>El veh\u00edculo entregado sigue siendo de nuestra propiedad hasta que se hayan pagado \u00edntegramente todas las reclamaciones derivadas del contrato de compraventa.<\/p><h2>10. protecci\u00f3n de datos<\/h2><p>La recogida, tratamiento y uso de datos personales se lleva a cabo de acuerdo con nuestra pol\u00edtica de privacidad y las disposiciones legales.<\/p><h2>11. descargo de responsabilidad<\/h2><h4><strong>(1) Limitaci\u00f3n de responsabilidad<\/strong><\/h4><p>autostadt24 s\u00f3lo ser\u00e1 responsable de los da\u00f1os resultantes de un comportamiento doloso o gravemente negligente y de los da\u00f1os resultantes de lesiones a la vida, el cuerpo o la salud.<\/p><h4><strong>(2) Exclusi\u00f3n<\/strong><\/h4><p>La responsabilidad por da\u00f1os indirectos, lucro cesante u otras p\u00e9rdidas econ\u00f3micas queda excluida en la medida en que lo permita la ley.<\/p><h2>12. rescisi\u00f3n del contrato<\/h2><p><strong>(1) Dimisi\u00f3n<\/strong><\/p><p>La rescisi\u00f3n del contrato s\u00f3lo es posible si se cumplen los requisitos legales.<\/p><p><strong>(2) Anulaci\u00f3n<\/strong><\/p><p>En caso de desistimiento por parte del cliente tras la celebraci\u00f3n del contrato, podr\u00e1n cobrarse gastos de desistimiento por un importe de 10% del precio de compra, pero como m\u00ednimo de 500 euros.<\/p><h2>13. resoluci\u00f3n de litigios en l\u00ednea<\/h2><p>La Comisi\u00f3n Europea ofrece una plataforma de resoluci\u00f3n de litigios en l\u00ednea: http:\/\/ec.europa.eu\/consumers\/odr\/<\/p><p>No estamos obligados ni dispuestos a participar en un procedimiento de resoluci\u00f3n de litigios ante una junta arbitral de consumo.<\/p><h2>14. disposiciones finales<\/h2><p><strong>(1) Legislaci\u00f3n aplicable<\/strong><\/p><p>Se aplicar\u00e1 la legislaci\u00f3n de la Rep\u00fablica Federal de Alemania, con exclusi\u00f3n de la Convenci\u00f3n de las Naciones Unidas sobre los Contratos de Compraventa Internacional de Mercader\u00edas.<\/p><p><strong>(2) Jurisdicci\u00f3n<\/strong><\/p><p>El fuero competente para todos los litigios es Berl\u00edn, siempre que el cliente sea un comerciante, una persona jur\u00eddica de derecho p\u00fablico o un patrimonio especial de derecho p\u00fablico.<\/p><p><strong>(3) Cl\u00e1usula de salvedad<\/strong><\/p><p>En caso de que alguna de las disposiciones de las presentes CGC fuera o llegara a ser inv\u00e1lida o inaplicable, ello no afectar\u00e1 a la validez del resto de las disposiciones.<\/p><p><strong>(4) Cambios<\/strong><\/p><p>Las modificaciones de estas CGC se notificar\u00e1n al cliente en forma de texto y se considerar\u00e1 que las aprueba si no se opone en el plazo de seis semanas.<\/p><hr \/><p><strong>Situaci\u00f3n: agosto de 2025<\/strong><\/p><p><strong>autostadt24 GmbH<\/strong><br \/>Hauptstra\u00dfe 24, 10115 Berl\u00edn<\/p><\/div>\t\t\t\t\t\t\t\t<\/div>\n\t\t\t\t<\/div>\n\t\t\t\t<div class=\"elementor-element elementor-element-c1a21c8 elementor-widget elementor-widget-spacer\" data-id=\"c1a21c8\" data-element_type=\"widget\" data-e-type=\"widget\" data-widget_type=\"spacer.default\">\n\t\t\t\t<div class=\"elementor-widget-container\">\n\t\t\t\t\t\t\t<div class=\"elementor-spacer\">\n\t\t\t<div class=\"elementor-spacer-inner\"><\/div>\n\t\t<\/div>\n\t\t\t\t\t\t<\/div>\n\t\t\t\t<\/div>\n\t\t\t\t\t<\/div>\n\t\t\t\t<\/div>\n\t\t\t\t<\/div>","protected":false},"excerpt":{"rendered":"<p>AGB 1. Geltungsbereich und Vertragspartner (1) Geltungsbereich Diese Allgemeinen Gesch\u00e4ftsbedingungen (nachfolgend &#8222;AGB&#8220;) gelten f\u00fcr alle Vertr\u00e4ge zwischen der autostadt24 GmbH, Hauptstra\u00dfe 24, 10115 Berlin (nachfolgend &#8222;autostadt24&#8220; oder &#8222;wir&#8220;) und ihren Kunden \u00fcber die Nutzung der Website www.autostadt24.de sowie den Kauf von Kraftfahrzeugen und damit verbundenen Dienstleistungen. (2) Vertragspartner Vertragspartner von autostadt24 sind ausschlie\u00dflich Verbraucher im [&hellip;]<\/p>","protected":false},"author":148,"featured_media":0,"parent":0,"menu_order":0,"comment_status":"closed","ping_status":"closed","template":"","meta":{"_acf_changed":false,"footnotes":""},"class_list":["post-674215","page","type-page","status-publish","hentry"],"acf":[],"_links":{"self":[{"href":"https:\/\/autostadt24.com\/es\/wp-json\/wp\/v2\/pages\/674215","targetHints":{"allow":["GET"]}}],"collection":[{"href":"https:\/\/autostadt24.com\/es\/wp-json\/wp\/v2\/pages"}],"about":[{"href":"https:\/\/autostadt24.com\/es\/wp-json\/wp\/v2\/types\/page"}],"author":[{"embeddable":true,"href":"https:\/\/autostadt24.com\/es\/wp-json\/wp\/v2\/users\/148"}],"replies":[{"embeddable":true,"href":"https:\/\/autostadt24.com\/es\/wp-json\/wp\/v2\/comments?post=674215"}],"version-history":[{"count":10,"href":"https:\/\/autostadt24.com\/es\/wp-json\/wp\/v2\/pages\/674215\/revisions"}],"predecessor-version":[{"id":674571,"href":"https:\/\/autostadt24.com\/es\/wp-json\/wp\/v2\/pages\/674215\/revisions\/674571"}],"wp:attachment":[{"href":"https:\/\/autostadt24.com\/es\/wp-json\/wp\/v2\/media?parent=674215"}],"curies":[{"name":"wp","href":"https:\/\/api.w.org\/{rel}","templated":true}]}}